{"id":96,"date":"2025-04-04T10:26:50","date_gmt":"2025-04-04T13:26:50","guid":{"rendered":"https:\/\/www.formarbr.com.br\/?page_id=96"},"modified":"2025-05-06T16:12:27","modified_gmt":"2025-05-06T19:12:27","slug":"sobre","status":"publish","type":"page","link":"https:\/\/www.formarbr.com.br\/?page_id=96","title":{"rendered":"Sobre"},"content":{"rendered":"\t\t<div data-elementor-type=\"wp-page\" data-elementor-id=\"96\" class=\"elementor elementor-96\" data-elementor-post-type=\"page\">\n\t\t\t\t<div class=\"elementor-element elementor-element-0a96bd0 animated-slow e-flex e-con-boxed elementor-invisible e-con e-parent\" data-id=\"0a96bd0\" data-element_type=\"container\" data-settings=\"{&quot;animation&quot;:&quot;fadeIn&quot;}\">\n\t\t\t\t\t<div class=\"e-con-inner\">\n\t\t\t\t<div class=\"elementor-element elementor-element-3396ebf elementor-widget elementor-widget-heading\" data-id=\"3396ebf\" data-element_type=\"widget\" data-widget_type=\"heading.default\">\n\t\t\t\t<div class=\"elementor-widget-container\">\n\t\t\t\t\t<h2 class=\"elementor-heading-title elementor-size-default\">Sobre<\/h2>\t\t\t\t<\/div>\n\t\t\t\t<\/div>\n\t\t\t\t\t<\/div>\n\t\t\t\t<\/div>\n\t\t<div class=\"elementor-element elementor-element-31366a1 animated-slow e-flex e-con-boxed elementor-invisible e-con e-parent\" data-id=\"31366a1\" data-element_type=\"container\" data-settings=\"{&quot;animation&quot;:&quot;fadeIn&quot;}\">\n\t\t\t\t\t<div class=\"e-con-inner\">\n\t\t\t\t<div class=\"elementor-element elementor-element-2ae8550 elementor-widget elementor-widget-heading\" data-id=\"2ae8550\" data-element_type=\"widget\" data-widget_type=\"heading.default\">\n\t\t\t\t<div class=\"elementor-widget-container\">\n\t\t\t\t\t<h2 class=\"elementor-heading-title elementor-size-default\">A Formar<\/h2>\t\t\t\t<\/div>\n\t\t\t\t<\/div>\n\t\t\t\t\t<\/div>\n\t\t\t\t<\/div>\n\t\t<div class=\"elementor-element elementor-element-4761bd8 animated-slow e-flex e-con-boxed elementor-invisible e-con e-parent\" data-id=\"4761bd8\" data-element_type=\"container\" data-settings=\"{&quot;background_background&quot;:&quot;classic&quot;,&quot;animation&quot;:&quot;fadeIn&quot;}\">\n\t\t\t\t\t<div class=\"e-con-inner\">\n\t\t<div class=\"elementor-element elementor-element-8e8b842 e-con-full e-flex e-con e-child\" data-id=\"8e8b842\" data-element_type=\"container\" data-settings=\"{&quot;background_background&quot;:&quot;classic&quot;}\">\n\t\t\t\t<div class=\"elementor-element elementor-element-4ca7d43 elementor-widget elementor-widget-text-editor\" data-id=\"4ca7d43\" data-element_type=\"widget\" data-widget_type=\"text-editor.default\">\n\t\t\t\t<div class=\"elementor-widget-container\">\n\t\t\t\t\t\t\t\t\t<p class=\"p1\"><strong>A Formar &#8211; Treinamento e Gest\u00e3o Empresarial<\/strong>, foi criada a partir do ideal de um grupo de profissionais com grande experi\u00eancia adquirida atrav\u00e9s do assessoramento a pequenas, m\u00e9dias e grandes empresas nacionais e internacionais.<\/p><p class=\"p1\">Somos especialistas na implanta\u00e7\u00e3o de solu\u00e7\u00f5es personalizadas voltadas \u00e0 organiza\u00e7\u00e3o empresarial e desenvolvimento humano que geram resultados sustent\u00e1veis, a partir do respeito ao Ser Humano e a cultura das organiza\u00e7\u00f5es.<\/p>\t\t\t\t\t\t\t\t<\/div>\n\t\t\t\t<\/div>\n\t\t\t\t<\/div>\n\t\t\t\t\t<\/div>\n\t\t\t\t<\/div>\n\t\t<div class=\"elementor-element elementor-element-2b4e845 animated-slow e-flex e-con-boxed elementor-invisible e-con e-parent\" data-id=\"2b4e845\" data-element_type=\"container\" data-settings=\"{&quot;animation&quot;:&quot;fadeIn&quot;}\">\n\t\t\t\t\t<div class=\"e-con-inner\">\n\t\t\t\t<div class=\"elementor-element elementor-element-32e935f elementor-widget elementor-widget-heading\" data-id=\"32e935f\" data-element_type=\"widget\" data-widget_type=\"heading.default\">\n\t\t\t\t<div class=\"elementor-widget-container\">\n\t\t\t\t\t<h2 class=\"elementor-heading-title elementor-size-default\">Nossa Miss\u00e3o<\/h2>\t\t\t\t<\/div>\n\t\t\t\t<\/div>\n\t\t\t\t<div class=\"elementor-element elementor-element-f4e8c56 elementor-widget elementor-widget-text-editor\" data-id=\"f4e8c56\" data-element_type=\"widget\" data-widget_type=\"text-editor.default\">\n\t\t\t\t<div class=\"elementor-widget-container\">\n\t\t\t\t\t\t\t\t\t<p class=\"p1\">\u2022 Proporcionar aos nossos Clientes, um servi\u00e7o profissional, utilizando metodologias e t\u00e9cnicas atualizadas.<\/p><p>\u2022 Respeitar a cultura da organiza\u00e7\u00e3o e a capacidade do ser humano.<\/p><p>\u2022 Incentivar a busca pelo aprendizado e desenvolvimento cont\u00ednuos da nossa equipe e clientes.<\/p>\t\t\t\t\t\t\t\t<\/div>\n\t\t\t\t<\/div>\n\t\t\t\t\t<\/div>\n\t\t\t\t<\/div>\n\t\t<div class=\"elementor-element elementor-element-89a848f animated-slow e-flex e-con-boxed elementor-invisible e-con e-parent\" data-id=\"89a848f\" data-element_type=\"container\" data-settings=\"{&quot;animation&quot;:&quot;fadeIn&quot;}\">\n\t\t\t\t\t<div class=\"e-con-inner\">\n\t\t\t\t<div class=\"elementor-element elementor-element-79c70f7 elementor-widget elementor-widget-heading\" data-id=\"79c70f7\" data-element_type=\"widget\" data-widget_type=\"heading.default\">\n\t\t\t\t<div class=\"elementor-widget-container\">\n\t\t\t\t\t<h2 class=\"elementor-heading-title elementor-size-default\">Nosso Compromisso<\/h2>\t\t\t\t<\/div>\n\t\t\t\t<\/div>\n\t\t\t\t\t<\/div>\n\t\t\t\t<\/div>\n\t\t<div class=\"elementor-element elementor-element-7ce9773 e-grid animated-slow e-con-boxed elementor-invisible e-con e-parent\" data-id=\"7ce9773\" data-element_type=\"container\" data-settings=\"{&quot;animation&quot;:&quot;fadeIn&quot;}\">\n\t\t\t\t\t<div class=\"e-con-inner\">\n\t\t\t\t<div class=\"elementor-element elementor-element-72aef71 elementor-widget elementor-widget-image\" data-id=\"72aef71\" data-element_type=\"widget\" data-widget_type=\"image.default\">\n\t\t\t\t<div class=\"elementor-widget-container\">\n\t\t\t\t\t\t\t\t\t\t\t\t\t\t\t<img fetchpriority=\"high\" decoding=\"async\" width=\"800\" height=\"534\" src=\"https:\/\/www.formarbr.com.br\/wp-content\/uploads\/2025\/04\/formarbr-nossa-missao-01-1024x683.jpg\" class=\"attachment-large size-large wp-image-790\" alt=\"\" srcset=\"https:\/\/www.formarbr.com.br\/wp-content\/uploads\/2025\/04\/formarbr-nossa-missao-01-1024x683.jpg 1024w, https:\/\/www.formarbr.com.br\/wp-content\/uploads\/2025\/04\/formarbr-nossa-missao-01-300x200.jpg 300w, https:\/\/www.formarbr.com.br\/wp-content\/uploads\/2025\/04\/formarbr-nossa-missao-01-768x512.jpg 768w, https:\/\/www.formarbr.com.br\/wp-content\/uploads\/2025\/04\/formarbr-nossa-missao-01.jpg 1536w\" sizes=\"(max-width: 800px) 100vw, 800px\" \/>\t\t\t\t\t\t\t\t\t\t\t\t\t\t\t<\/div>\n\t\t\t\t<\/div>\n\t\t\t\t<div class=\"elementor-element elementor-element-475e66d elementor-widget elementor-widget-text-editor\" data-id=\"475e66d\" data-element_type=\"widget\" data-widget_type=\"text-editor.default\">\n\t\t\t\t<div class=\"elementor-widget-container\">\n\t\t\t\t\t\t\t\t\t<p>\u2022 Propor aos nossos Clientes solu\u00e7\u00f5es adequadas para as suas necessidades;<\/p><p>\u2022 Desenvolver e implementar as solu\u00e7\u00f5es propostas com qualidade e dentro dos prazos estabelecidos;<\/p><p>\u2022 Manter os recursos humanos envolvidos e comprometidos com as mudan\u00e7as necess\u00e1rias, dentro de um clima interno favor\u00e1vel;<\/p><p>\u2022 Estabelecer e manter um ambiente profissional aberto e participativo;<\/p><p>\u2022 Incentivar a criatividade e a inova\u00e7\u00e3o desafiadora atrav\u00e9s de uma cultura interna saud\u00e1vel, baseada na dignidade e confian\u00e7a;<\/p><p>\u2022 Buscar, no aperfei\u00e7oamento das organiza\u00e7\u00f5es, os instrumentos para promover o bem estar social e proteger o meio ambiente, respeitando a \u00e9tica e as normas de conduta.<\/p>\t\t\t\t\t\t\t\t<\/div>\n\t\t\t\t<\/div>\n\t\t\t\t\t<\/div>\n\t\t\t\t<\/div>\n\t\t\t\t<\/div>\n\t\t","protected":false},"excerpt":{"rendered":"<p>Sobre A Formar A Formar &#8211; Treinamento e Gest\u00e3o Empresarial, foi criada a partir do ideal de um grupo de profissionais com grande experi\u00eancia adquirida atrav\u00e9s do assessoramento a pequenas, m\u00e9dias e grandes empresas nacionais e internacionais. Somos especialistas na implanta\u00e7\u00e3o de solu\u00e7\u00f5es personalizadas voltadas \u00e0 organiza\u00e7\u00e3o empresarial e desenvolvimento humano que geram resultados sustent\u00e1veis, [&hellip;]<\/p>\n","protected":false},"author":1,"featured_media":0,"parent":0,"menu_order":0,"comment_status":"closed","ping_status":"closed","template":"elementor_header_footer","meta":{"footnotes":""},"class_list":["post-96","page","type-page","status-publish","hentry"],"_links":{"self":[{"href":"https:\/\/www.formarbr.com.br\/index.php?rest_route=\/wp\/v2\/pages\/96","targetHints":{"allow":["GET"]}}],"collection":[{"href":"https:\/\/www.formarbr.com.br\/index.php?rest_route=\/wp\/v2\/pages"}],"about":[{"href":"https:\/\/www.formarbr.com.br\/index.php?rest_route=\/wp\/v2\/types\/page"}],"author":[{"embeddable":true,"href":"https:\/\/www.formarbr.com.br\/index.php?rest_route=\/wp\/v2\/users\/1"}],"replies":[{"embeddable":true,"href":"https:\/\/www.formarbr.com.br\/index.php?rest_route=%2Fwp%2Fv2%2Fcomments&post=96"}],"version-history":[{"count":72,"href":"https:\/\/www.formarbr.com.br\/index.php?rest_route=\/wp\/v2\/pages\/96\/revisions"}],"predecessor-version":[{"id":861,"href":"https:\/\/www.formarbr.com.br\/index.php?rest_route=\/wp\/v2\/pages\/96\/revisions\/861"}],"wp:attachment":[{"href":"https:\/\/www.formarbr.com.br\/index.php?rest_route=%2Fwp%2Fv2%2Fmedia&parent=96"}],"curies":[{"name":"wp","href":"https:\/\/api.w.org\/{rel}","templated":true}]}}